{"id":364,"date":"2012-04-19T18:16:18","date_gmt":"2012-04-19T18:16:18","guid":{"rendered":"https:\/\/cih.org.br\/?page_id=364"},"modified":"2023-07-10T20:07:09","modified_gmt":"2023-07-10T20:07:09","slug":"como-tornar-se-membro-do-cih","status":"publish","type":"page","link":"https:\/\/cih.org.br\/?page_id=364","title":{"rendered":"0. Fazer Parte do CIH"},"content":{"rendered":"<p>O primeiro passo para tornar-se membro do C\u00edrculo Inici\u00e1tico de Hermes, \u00e9 se cadastrar na p\u00e1gina do CIH em <a href=\"https:\/\/cih.org.br\/wp-login.php?action=register\">Cadastro<\/a> (clique <a href=\"https:\/\/cih.org.br\/wp-login.php?action=register\">aqui<\/a>). Esse <a href=\"https:\/\/cih.org.br\/wp-login.php?action=register\">Cadastro<\/a> \u00e9 gratuito, e permitir\u00e1 ao estudante acessar p\u00e1ginas restritas a usu\u00e1rios cadastrados.<\/p>\n<p>A partir do <a href=\"https:\/\/cih.org.br\/wp-login.php?action=register\">cadastro<\/a>, o estudante ser\u00e1 conhecido como <a href=\"http:\/\/www.cih.org.br\/index.php?option=content&amp;task=view&amp;id=42&amp;Itemid=25\">Companheiro de Jornada<\/a>.<\/p>\n<p>Agora que fez o <a href=\"https:\/\/cih.org.br\/wp-login.php?action=register\">cadastro<\/a> e tornou-se Companheiro de Jornada, o estudante poder\u00e1 ter acesso a artigos como:<\/p>\n<p>1) <a href=\"https:\/\/cih.org.br\/?wpdmpro=apostila-de-companheiro-de-jornada-do-cih\">Apostila de Companheiro de Jornada <\/a>(baixe a apostila <a href=\"https:\/\/cih.org.br\/?wpdmpro=apostila-de-companheiro-de-jornada-do-cih\">aqui<\/a>) &#8211; usada para os primeiros estudos no CIH, e oferece as informa\u00e7\u00f5es b\u00e1sicas como:<br \/>\na) Textos esclarecedores sobre o CIH;<br \/>\nb) Rituais di\u00e1rios;<br \/>\nc) Lista de livros a estudar antes de entrar no CIH, como prepara\u00e7\u00e3o para a Inicia\u00e7\u00e3o;<br \/>\nd) Orienta\u00e7\u00f5es diversas de como proceder.<\/p>\n<p>2) Cursos On-Line gratuitos &#8211; cursos disponibilizados apenas a usu\u00e1rios <a href=\"https:\/\/cih.org.br\/wp-login.php?action=register\">cadastrados<\/a> na p\u00e1gina do CIH.<\/p>\n<p>3) Acesso a textos do Liber Mundi restritos a usu\u00e1rios <a href=\"https:\/\/cih.org.br\/wp-login.php?action=register\">cadastrados<\/a>.<\/p>\n<p>4) Descontos em cursos e eventos p\u00fablicos do CIH, exclusivamente.<\/p>\n<p><strong>O Que s\u00e3o CODEX?<\/strong> &#8211; Codex s\u00e3o textos publicados pelo CIH para facilitar o estudo dos Companheiros de Jornada, membros e n\u00e3o-membros do CIH. Muitos deles s\u00e3o \u00fateis especialmente \u00e0queles que pretendem ingressar no CIH e aos estudiosos em geral, por tratarem de temas pol\u00eamicos e frequentes.<\/p>\n<p><strong>Peguei o Material de <\/strong><strong>Companheiro de Jornada<\/strong><strong>. J\u00e1 sou membro?<br \/>\n<\/strong>N\u00e3o. Esse \u00e9 apenas o passo inicial da sua jornada. A partir de agora, existe um prazo m\u00e9dio de 6 meses. Nesse per\u00edodo, o Companheiro de Jornada dever\u00e1 estudar a parte te\u00f3rica e fazer a parte pr\u00e1tica dos rituais. Isto \u00e9, dever\u00e1 praticar os rituais nas formas e frequ\u00eancias dadas no material dado.<br \/>\nAp\u00f3s ter realizado isso, dever\u00e1 escrever para <a href=\"mailto:frgoya@gmail.com\">frgoya@gmail.com<\/a>\u00a0e expressar seu desejo de realizar a Inicia\u00e7\u00e3o.<\/p>\n<p><strong>Quando passo a ser membro?<\/strong><br \/>\nAp\u00f3s passar pelo ritual de inicia\u00e7\u00e3o.<\/p>\n<p><strong>O que \u00e9 inicia\u00e7\u00e3o?<\/strong><br \/>\nSobre Inicia\u00e7\u00e3o, leia os <a href=\"https:\/\/cih.org.br\/?wpdmpro=codex-06-como-se-estuda-magia\">CODEX 06<\/a>, que podem ser baixados aqui.<\/p>\n<p><strong>Como saberei se estou apto a ser iniciado?<br \/>\n<\/strong>Ap\u00f3s escrever para\u00a0<a href=\"mailto:frgoya@gmail.com\">frgoya@gmail.com<\/a>\u00a0, o estudante ser\u00e1 comunicado de uma avalia\u00e7\u00e3o feita pessoalmente por membros do CIH. Caso mostre dom\u00ednio do conte\u00fado proposto (teoria e ritual), ele ser\u00e1 convocado a fazer o ritual de inicia\u00e7\u00e3o do CIH, tornando-se ent\u00e3o membro efetivo da ordem.\u00a0Depois que os Companheiros de Jornada passam pelos seis meses de estudo e prepara\u00e7\u00e3o, e s\u00e3o avaliados para continuar no processo de se tornarem membros da Ordem, \u00a0eles s\u00e3o convidados a se tornarem SA\u00da.<\/p>\n<p><strong>O que \u00e9 SA\u00da? &#8211;<\/strong> Depois do momento em que criamos os Companheiros de Jornada, outro desafio ainda maior se apresentou, que \u00e9 o de organizar os CDJs que j\u00e1 haviam passado do prazo de seis meses, foram avaliados e aguardavam o per\u00edodo para serem iniciados. Assim, criamos um Grau intermedi\u00e1rio, ainda n\u00e3o-inici\u00e1tico, para que eles pudessem obter mais material, seguir sua jornada, e estimular outros CDJs com seu exemplo. Este CDJ j\u00e1 avaliado recebe um ritual espec\u00edfico para realizar o contato com a egr\u00e9gora da Ordem, que cont\u00e9m instru\u00e7\u00f5es e procedimentos espec\u00edficos para esta cerim\u00f4nia. O Ritual deve ser realizado em 3 etapas, e devolvido \u00e0 ordem impreterivelmente. Para mais detalhes, deve-se consultar o CODEX 17 especificamente. Citamos ainda, que no citado documento (Codex 17) em nenhum momento atribu\u00ed ao SA\u00da o status ou Grau de Ne\u00f3fito, haja vista que \u00e9 um grau introdut\u00f3rio \u00e0 ordem.<\/p>\n<p><strong>Contexto do SA\u00da &#8211;<\/strong> No Antigo Egito, havia uma corpora\u00e7\u00e3o de Magos denominados como os Sa\u00fa, que quer dizer Os Protetores. Protetores do que? De quem? Estes magistas eram respons\u00e1veis por velar pela seguran\u00e7a daqueles que percorriam as pistas do deserto.<\/p>\n<p>Dentro do CIH o objetivo do Sa\u00fa \u00e9 zelar pela manuten\u00e7\u00e3o da Egr\u00e9gora da Ordem, para que ela possa auxiliar os nossos irm\u00e3os e irm\u00e3s no trabalho m\u00e1gicko realizado dentro da Ordem. Al\u00e9m disso, o Sa\u00fa tamb\u00e9m protege aqueles que caminham pela estrada des\u00e9rtica do conhecimento Oculto.<\/p>\n<p><span style=\"color: #ff0000;\"><strong>ATEN\u00c7\u00c3O<\/strong> <\/span>&#8211; S\u00f3 \u00e9 considerado um Membro Iniciado da Ordem, aqueles que passaram pelo ritual de Inicia\u00e7\u00e3o. <span style=\"color: #800000;\"><strong>Membros do Grau de SAU n\u00e3o s\u00e3o Iniciados<\/strong>.<\/span> Eles apenas adquiriram o benef\u00edcio de estarem ligados de forma mais pr\u00f3xima com a egr\u00e9gora da Ordem. Isto \u00e9, foram apresentados a ela formalmente, ap\u00f3s o per\u00edodo de Companheiro de Jornada.<br \/>\n<span style=\"color: #000000;\"><strong>CASO ALGUM SAU SE APRESENTE COMO MEMBRO ADEPTO DO CIH, INFORME DIRETAMENTE A ORDEM PELO EMAIL DO <a style=\"color: #000000;\" href=\"mailto:frgoya@gmail.com\">FRATER GOYA<\/a> PARA QUE SEJAM TOMADAS AS DEVIDAS PROVID\u00caNCIAS. MEMBROS DO CIH N\u00c3O SE APRESENTAM COMO ALTOS INICIADOS.\u00a0<\/strong><\/span><\/p>\n<p>O Companheiro de Jornada e posteriormente Sa\u00fa, \u00e9 identificado no CIH como &#8220;Aspirante \u00e0 Inicia\u00e7\u00e3o para se tornar efetivamente membro da Ordem&#8221;. Enquanto esses dois passos iniciais n\u00e3o s\u00e3o ultrapassados, ambos s\u00e3o apenas aspirantes a membros.<\/p>\n<p>Cabe ainda esclarecer que <strong>para ser Ne\u00f3fito do C\u00edrculo Inici\u00e1tico de Hermes<\/strong>, \u00e9 necess\u00e1rio passar pelo <strong>Ritual de Inicia\u00e7\u00e3o<\/strong>, que acontece apenas na presen\u00e7a da equipe Inici\u00e1tica do Grupo, com um ou mais membros do Supremo Conselho presentes. A Inicia\u00e7\u00e3o \u00e9 exclusivamente presencial. At\u00e9 o presente momento, o CIH n\u00e3o se utiliza de rituais de auto-inicia\u00e7\u00e3o para o Grau de Ne\u00f3fito. Ap\u00f3s ser iniciado no Grau de Ne\u00f3fito, agora membro oficial do CIH, recebe uma Carta-Patente, com firma reconhecida em cart\u00f3rio, que lhe certifica o grau obtido de forma civil. <strong>Sem esses elementos: Ritual de Inicia\u00e7\u00e3o formal e presencial e tamb\u00e9m a Carta-Patente, ningu\u00e9m pode se dizer Membro Oficial ou Ne\u00f3fito do CIH<\/strong>.<\/p>\n<p><strong>Existe algum custo para ser membro? Como funcionam as mensalidades?<br \/>\n<\/strong>Durante o per\u00edodo de Companheiro de Jornada, o estudante n\u00e3o precisa pagar nenhuma taxa ou mensalidade. Por\u00e9m, como o CIH vive de doa\u00e7\u00f5es, qualquer valor ser\u00e1 bem-vindo, sem valor m\u00ednimo de acordo com o desejo do contribuinte.<\/p>\n<p>Ap\u00f3s a inicia\u00e7\u00e3o, os membros contribuem com um valor m\u00ednimo, que serve para a manuten\u00e7\u00e3o das despesas gerais do CIH.<\/p>\n<p><span style=\"color: #ff0000;\"><strong>ATEN\u00c7\u00c3O &#8211;<\/strong><\/span>\u00a0Os termos SAU, e a F\u00f3rmula de AUS, s\u00e3o elementos da Tradi\u00e7\u00e3o do C\u00edrculo Inici\u00e1tico de Hermes, e possui como Gua<span class=\"text_exposed_show\">rdi\u00f5es, os representantes do Supremo Conselho: Frater Goya e Frater Melquisedeque. Qualquer pessoa que divulgue ou use esses termos em outros grupos ou organiza\u00e7\u00f5es, est\u00e1 mentindo ou enganando. Caso veja esses termos em alguma p\u00e1gina que n\u00e3o seja a p\u00e1gina oficial do C\u00edrculo Inici\u00e1tico de Hermes ou com autoriza\u00e7\u00e3o EXPRESSA do Supremo Conselho, saiba que est\u00e3o tentando enganar voc\u00ea se fingindo passar por membros iniciados na Tradi\u00e7\u00e3o do CIH sem realmente fazer parte deste grupo. Isso seria\u00a0falsidade ideol\u00f3gica e indu\u00e7\u00e3o a erro configurando crime. Estejam atentos. <\/span><\/p>\n","protected":false},"excerpt":{"rendered":"<p>O primeiro passo para tornar-se membro do C\u00edrculo Inici\u00e1tico de Hermes, \u00e9 se cadastrar na p\u00e1gina do CIH em Cadastro (clique aqui). Esse Cadastro \u00e9 gratuito, e permitir\u00e1 ao estudante acessar p\u00e1ginas restritas a usu\u00e1rios cadastrados. A partir do cadastro, o estudante ser\u00e1 conhecido como Companheiro de Jornada. Agora que fez o cadastro e tornou-se &hellip; <\/p>\n<p><a class=\"more-link btn\" href=\"https:\/\/cih.org.br\/?page_id=364\">Continue lendo<\/a><\/p>\n","protected":false},"author":9691,"featured_media":0,"parent":0,"menu_order":0,"comment_status":"open","ping_status":"closed","template":"","meta":{"footnotes":""},"class_list":["post-364","page","type-page","status-publish","hentry","nodate","item-wrap"],"_links":{"self":[{"href":"https:\/\/cih.org.br\/index.php?rest_route=\/wp\/v2\/pages\/364","targetHints":{"allow":["GET"]}}],"collection":[{"href":"https:\/\/cih.org.br\/index.php?rest_route=\/wp\/v2\/pages"}],"about":[{"href":"https:\/\/cih.org.br\/index.php?rest_route=\/wp\/v2\/types\/page"}],"author":[{"embeddable":true,"href":"https:\/\/cih.org.br\/index.php?rest_route=\/wp\/v2\/users\/9691"}],"replies":[{"embeddable":true,"href":"https:\/\/cih.org.br\/index.php?rest_route=%2Fwp%2Fv2%2Fcomments&post=364"}],"version-history":[{"count":2,"href":"https:\/\/cih.org.br\/index.php?rest_route=\/wp\/v2\/pages\/364\/revisions"}],"predecessor-version":[{"id":1733,"href":"https:\/\/cih.org.br\/index.php?rest_route=\/wp\/v2\/pages\/364\/revisions\/1733"}],"wp:attachment":[{"href":"https:\/\/cih.org.br\/index.php?rest_route=%2Fwp%2Fv2%2Fmedia&parent=364"}],"curies":[{"name":"wp","href":"https:\/\/api.w.org\/{rel}","templated":true}]}}